{"id":534,"date":"2025-12-04T14:04:17","date_gmt":"2025-12-04T13:04:17","guid":{"rendered":"http:\/\/trianaexport.com\/?page_id=534"},"modified":"2026-01-08T22:21:57","modified_gmt":"2026-01-08T21:21:57","slug":"sobre-nosotros","status":"publish","type":"page","link":"https:\/\/trianaexport.com\/en\/sobre-nosotros\/","title":{"rendered":"About us"},"content":{"rendered":"<div data-elementor-type=\"wp-page\" data-elementor-id=\"534\" class=\"elementor elementor-534\">\n\t\t\t\t<div class=\"elementor-element elementor-element-db4fd84 e-flex e-con-boxed e-con e-parent\" data-id=\"db4fd84\" data-element_type=\"container\" data-e-type=\"container\">\n\t\t\t\t\t<div class=\"e-con-inner\">\n\t\t\t\t<div class=\"elementor-element elementor-element-6321f01 elementor-widget elementor-widget-heading\" data-id=\"6321f01\" data-element_type=\"widget\" data-e-type=\"widget\" data-widget_type=\"heading.default\">\n\t\t\t\t\t<h1 class=\"elementor-heading-title elementor-size-default\">Qui\u00e9nes somos: consultor\u00eda de exportaci\u00f3n internacional desde Miami<\/h1>\t\t\t\t<\/div>\n\t\t\t\t<div class=\"elementor-element elementor-element-457040c elementor-widget elementor-widget-heading\" data-id=\"457040c\" data-element_type=\"widget\" data-e-type=\"widget\" data-widget_type=\"heading.default\">\n\t\t\t\t\t<h2 class=\"elementor-heading-title elementor-size-default\">Sobre Triana Export<\/h2>\t\t\t\t<\/div>\n\t\t\t\t<div class=\"elementor-element elementor-element-6266d13 elementor-widget__width-initial elementor-widget elementor-widget-text-editor\" data-id=\"6266d13\" data-element_type=\"widget\" data-e-type=\"widget\" data-widget_type=\"text-editor.default\">\n\t\t\t\t\t\t\t\t\t<p>Somos una consultor\u00eda de exportaci\u00f3n internacional desde Miami, especializada en ayudar a marcas espa\u00f1olas a acceder y crecer en mercados de Asia y las Am\u00e9ricas. Combinamos an\u00e1lisis de mercado, red de contactos de distribuidores y experiencia en log\u00edstica y cumplimiento para convertir oportunidades en pedidos reales, minimizando riesgos regulatorios y operativos.<\/p><p>Our mission is to be the local partner Spanish manufacturers need during every stage \u2014 from analysis and prospecting to negotiation and execution \u2014 offering modular solutions: standalone studies, controlled pilots and ongoing commercialization support.<\/p>\t\t\t\t\t\t\t\t<\/div>\n\t\t\t\t\t<\/div>\n\t\t\t\t<\/div>\n\t\t<div class=\"elementor-element elementor-element-51649ca e-flex e-con-boxed e-con e-parent\" data-id=\"51649ca\" data-element_type=\"container\" data-e-type=\"container\">\n\t\t\t\t\t<div class=\"e-con-inner\">\n\t\t\t\t<div class=\"elementor-element elementor-element-285f81a elementor-widget elementor-widget-heading\" data-id=\"285f81a\" data-element_type=\"widget\" data-e-type=\"widget\" data-widget_type=\"heading.default\">\n\t\t\t\t\t<h2 class=\"elementor-heading-title elementor-size-default\">Our team<\/h2>\t\t\t\t<\/div>\n\t\t\t\t\t<\/div>\n\t\t\t\t<\/div>\n\t\t<div class=\"elementor-element elementor-element-1887da6 e-flex e-con-boxed e-con e-parent\" data-id=\"1887da6\" data-element_type=\"container\" data-e-type=\"container\">\n\t\t\t\t\t<div class=\"e-con-inner\">\n\t\t<div class=\"elementor-element elementor-element-289ec20 e-con-full e-flex e-con e-child\" data-id=\"289ec20\" data-element_type=\"container\" data-e-type=\"container\">\n\t\t<div class=\"elementor-element elementor-element-12fb71a e-con-full e-flex e-con e-child\" data-id=\"12fb71a\" data-element_type=\"container\" data-e-type=\"container\">\n\t\t\t\t<div class=\"elementor-element elementor-element-f8a2c62 elementor-widget elementor-widget-image\" data-id=\"f8a2c62\" data-element_type=\"widget\" data-e-type=\"widget\" data-widget_type=\"image.default\">\n\t\t\t\t\t\t\t\t\t\t\t\t\t\t\t<img fetchpriority=\"high\" decoding=\"async\" width=\"768\" height=\"768\" src=\"https:\/\/trianaexport.com\/wp-content\/uploads\/2025\/12\/Francisco-Palomo-768x768.jpg\" class=\"attachment-medium_large size-medium_large wp-image-2253\" alt=\"Retrato de Francisco Palomo, CEO de Triana EXPORT\" srcset=\"https:\/\/trianaexport.com\/wp-content\/uploads\/2025\/12\/Francisco-Palomo-768x768.jpg 768w, https:\/\/trianaexport.com\/wp-content\/uploads\/2025\/12\/Francisco-Palomo-300x300.jpg 300w, https:\/\/trianaexport.com\/wp-content\/uploads\/2025\/12\/Francisco-Palomo-150x150.jpg 150w, https:\/\/trianaexport.com\/wp-content\/uploads\/2025\/12\/Francisco-Palomo-12x12.webp 12w, https:\/\/trianaexport.com\/wp-content\/uploads\/2025\/12\/Francisco-Palomo.jpg 864w\" sizes=\"(max-width: 768px) 100vw, 768px\" \/>\t\t\t\t\t\t\t\t\t\t\t\t\t\t\t<\/div>\n\t\t\t\t<div class=\"elementor-element elementor-element-3f599b8 elementor-widget elementor-widget-heading\" data-id=\"3f599b8\" data-element_type=\"widget\" data-e-type=\"widget\" data-widget_type=\"heading.default\">\n\t\t\t\t\t<h2 class=\"elementor-heading-title elementor-size-default\">Francisco Palomo<\/h2>\t\t\t\t<\/div>\n\t\t\t\t<div class=\"elementor-element elementor-element-aae9ecd elementor-widget elementor-widget-text-editor\" data-id=\"aae9ecd\" data-element_type=\"widget\" data-e-type=\"widget\" data-widget_type=\"text-editor.default\">\n\t\t\t\t\t\t\t\t\t<p>CEO<\/p>\t\t\t\t\t\t\t\t<\/div>\n\t\t\t\t<\/div>\n\t\t<div class=\"elementor-element elementor-element-874fa97 e-con-full e-flex e-con e-child\" data-id=\"874fa97\" data-element_type=\"container\" data-e-type=\"container\">\n\t\t\t\t<div class=\"elementor-element elementor-element-13b55f0 elementor-widget elementor-widget-text-editor\" data-id=\"13b55f0\" data-element_type=\"widget\" data-e-type=\"widget\" data-widget_type=\"text-editor.default\">\n\t\t\t\t\t\t\t\t\t<p>Fr<b>ancisco Palomo es fundador y CEO de Triana Export<\/b>. He has a solid international background and experience: MBA from the Albers School of Business (Seattle) and commercial and management experience in industrial and service companies with global presence. He was General Manager at Ingelec, an international manufacturer of generators, where he led the commercial expansion and management of distribution channels worldwide. Subsequently, he served as General Sales Manager at Alayan Rental (Caterpillar dealer), leading sales teams and developing sales strategies in international markets.<\/p><p>En Triana Export, Francisco aplica su experiencia en desarrollo de redes de distribuci\u00f3n y operaciones internacionales para dise\u00f1ar pilotos comerciales replicables que aceleran la entrada de marcas espa\u00f1olas en Asia y las Am\u00e9ricas. Su enfoque combina an\u00e1lisis de mercado, negociaci\u00f3n B2B y coordinaci\u00f3n operativa (log\u00edstica y cumplimiento), con especial \u00e9nfasis en minimizar riesgos y convertir oportunidades en\u00a0pedidos\u00a0reales.<\/p>\t\t\t\t\t\t\t\t<\/div>\n\t\t\t\t<\/div>\n\t\t\t\t<\/div>\n\t\t<div class=\"elementor-element elementor-element-777d80a e-con-full e-flex e-con e-child\" data-id=\"777d80a\" data-element_type=\"container\" data-e-type=\"container\">\n\t\t<div class=\"elementor-element elementor-element-8af01fe e-con-full e-flex e-con e-child\" data-id=\"8af01fe\" data-element_type=\"container\" data-e-type=\"container\">\n\t\t\t\t<div class=\"elementor-element elementor-element-4337897 elementor-widget elementor-widget-image\" data-id=\"4337897\" data-element_type=\"widget\" data-e-type=\"widget\" data-widget_type=\"image.default\">\n\t\t\t\t\t\t\t\t\t\t\t\t\t\t\t<img decoding=\"async\" width=\"768\" height=\"768\" src=\"https:\/\/trianaexport.com\/wp-content\/uploads\/2025\/12\/Guillermo-Fernandez-Comercial-TrianaExport-768x768.jpg\" class=\"attachment-medium_large size-medium_large wp-image-1231\" alt=\"Retrato de Guillermo Fern\u00e1ndez Comercial de Triana EXPORT\" srcset=\"https:\/\/trianaexport.com\/wp-content\/uploads\/2025\/12\/Guillermo-Fernandez-Comercial-TrianaExport-768x768.jpg 768w, https:\/\/trianaexport.com\/wp-content\/uploads\/2025\/12\/elementor\/thumbs\/Guillermo-Fernandez-Comercial-TrianaExport-rg76hnvew19mwe6wko68e1wh3eeg22px4ho3jlcszc.jpg 300w, https:\/\/trianaexport.com\/wp-content\/uploads\/2025\/12\/Guillermo-Fernandez-Comercial-TrianaExport-150x150.jpg 150w, https:\/\/trianaexport.com\/wp-content\/uploads\/2025\/12\/Guillermo-Fernandez-Comercial-TrianaExport-12x12.webp 12w, https:\/\/trianaexport.com\/wp-content\/uploads\/2025\/12\/elementor\/thumbs\/Guillermo-Fernandez-Comercial-TrianaExport-rg76hnvdo6h7ae165rb29z24226tebi78p2xe6vky8.jpg 200w, https:\/\/trianaexport.com\/wp-content\/uploads\/2025\/12\/Guillermo-Fernandez-Comercial-TrianaExport.jpg 1024w\" sizes=\"(max-width: 768px) 100vw, 768px\" \/>\t\t\t\t\t\t\t\t\t\t\t\t\t\t\t<\/div>\n\t\t\t\t<div class=\"elementor-element elementor-element-9df90ca elementor-widget elementor-widget-heading\" data-id=\"9df90ca\" data-element_type=\"widget\" data-e-type=\"widget\" data-widget_type=\"heading.default\">\n\t\t\t\t\t<h2 class=\"elementor-heading-title elementor-size-default\">Guillermo Fernandez<\/h2>\t\t\t\t<\/div>\n\t\t\t\t<div class=\"elementor-element elementor-element-f65af85 elementor-widget elementor-widget-text-editor\" data-id=\"f65af85\" data-element_type=\"widget\" data-e-type=\"widget\" data-widget_type=\"text-editor.default\">\n\t\t\t\t\t\t\t\t\t<p>Sales<\/p>\t\t\t\t\t\t\t\t<\/div>\n\t\t\t\t<\/div>\n\t\t<div class=\"elementor-element elementor-element-c3c8f75 e-con-full e-flex e-con e-child\" data-id=\"c3c8f75\" data-element_type=\"container\" data-e-type=\"container\">\n\t\t\t\t<div class=\"elementor-element elementor-element-fca2d19 elementor-widget elementor-widget-text-editor\" data-id=\"fca2d19\" data-element_type=\"widget\" data-e-type=\"widget\" data-widget_type=\"text-editor.default\">\n\t\t\t\t\t\t\t\t\t<p><b>Guillermo Fern\u00e1ndez es Responsable Comercial en Triana Export<\/b>, specializing in international trade and logistics. He brings practical experience in logistics operations and commercial management acquired in fashion and retail companies, including responsibilities in SCALPERS where he participated in the optimization of the supply chain and coordination with logistics partners. In Triana EXPORT she leads the prospecting of distributors, lead qualification and commercial negotiation, ensuring the correct link between commercial strategy and operational capabilities to successfully execute export pilots.<\/p>\t\t\t\t\t\t\t\t<\/div>\n\t\t\t\t<\/div>\n\t\t\t\t<\/div>\n\t\t<div class=\"elementor-element elementor-element-880cd40 e-con-full e-flex e-con e-child\" data-id=\"880cd40\" data-element_type=\"container\" data-e-type=\"container\">\n\t\t<div class=\"elementor-element elementor-element-c1a732f e-con-full e-flex e-con e-child\" data-id=\"c1a732f\" data-element_type=\"container\" data-e-type=\"container\">\n\t\t\t\t<div class=\"elementor-element elementor-element-4161ba1 elementor-widget elementor-widget-image\" data-id=\"4161ba1\" data-element_type=\"widget\" data-e-type=\"widget\" data-widget_type=\"image.default\">\n\t\t\t\t\t\t\t\t\t\t\t\t\t\t\t<img decoding=\"async\" width=\"768\" height=\"768\" src=\"https:\/\/trianaexport.com\/wp-content\/uploads\/2025\/12\/Juan-Coto-768x768.jpg\" class=\"attachment-medium_large size-medium_large wp-image-2251\" alt=\"Retrato de Juan Coto G\u00f3mez Administrativo de Triana EXPORT\" srcset=\"https:\/\/trianaexport.com\/wp-content\/uploads\/2025\/12\/Juan-Coto-768x768.jpg 768w, https:\/\/trianaexport.com\/wp-content\/uploads\/2025\/12\/Juan-Coto-300x300.jpg 300w, https:\/\/trianaexport.com\/wp-content\/uploads\/2025\/12\/Juan-Coto-150x150.jpg 150w, https:\/\/trianaexport.com\/wp-content\/uploads\/2025\/12\/Juan-Coto-12x12.webp 12w, https:\/\/trianaexport.com\/wp-content\/uploads\/2025\/12\/Juan-Coto.jpg 864w\" sizes=\"(max-width: 768px) 100vw, 768px\" \/>\t\t\t\t\t\t\t\t\t\t\t\t\t\t\t<\/div>\n\t\t\t\t<div class=\"elementor-element elementor-element-551303a elementor-widget elementor-widget-heading\" data-id=\"551303a\" data-element_type=\"widget\" data-e-type=\"widget\" data-widget_type=\"heading.default\">\n\t\t\t\t\t<h2 class=\"elementor-heading-title elementor-size-default\">Juan Coto G\u00f3mez<\/h2>\t\t\t\t<\/div>\n\t\t\t\t<div class=\"elementor-element elementor-element-bc7c055 elementor-widget elementor-widget-text-editor\" data-id=\"bc7c055\" data-element_type=\"widget\" data-e-type=\"widget\" data-widget_type=\"text-editor.default\">\n\t\t\t\t\t\t\t\t\t<p>Administration and Marketing<\/p>\t\t\t\t\t\t\t\t<\/div>\n\t\t\t\t<\/div>\n\t\t<div class=\"elementor-element elementor-element-17fed7f e-con-full e-flex e-con e-child\" data-id=\"17fed7f\" data-element_type=\"container\" data-e-type=\"container\">\n\t\t\t\t<div class=\"elementor-element elementor-element-fcd314a elementor-widget elementor-widget-text-editor\" data-id=\"fcd314a\" data-element_type=\"widget\" data-e-type=\"widget\" data-widget_type=\"text-editor.default\">\n\t\t\t\t\t\t\t\t\t<p><b>Juan Coto G\u00f3mez es Responsable de Administraci\u00f3n y Marketing en Triana Export<\/b>. With a degree in Law and a Master in Sports Law, Juan combines legal training with skills in administrative management and corporate communication. In his role he manages the administrative operations, invoicing, contractual compliance and content strategy and digital communication (web, CRM and campaigns). His legal profile provides rigor in drafting contracts, privacy policies and regulatory compliance support for the company's international operations.<\/p>\t\t\t\t\t\t\t\t<\/div>\n\t\t\t\t<\/div>\n\t\t\t\t<\/div>\n\t\t\t\t\t<\/div>\n\t\t\t\t<\/div>\n\t\t<div class=\"elementor-element elementor-element-868b3d2 e-flex e-con-boxed e-con e-parent\" data-id=\"868b3d2\" data-element_type=\"container\" data-e-type=\"container\">\n\t\t\t\t\t<div class=\"e-con-inner\">\n\t\t\t\t<div class=\"elementor-element elementor-element-3429a71 elementor-widget elementor-widget-button\" data-id=\"3429a71\" data-element_type=\"widget\" data-e-type=\"widget\" data-widget_type=\"button.default\">\n\t\t\t\t\t\t\t\t\t\t<a class=\"elementor-button elementor-button-link elementor-size-sm\" href=\"http:\/\/trianaexport.com\/en\/contacto\/\">\n\t\t\t\t\t\t<span class=\"elementor-button-content-wrapper\">\n\t\t\t\t\t\t\t\t\t<span class=\"elementor-button-text\">Request a quote<\/span>\n\t\t\t\t\t<\/span>\n\t\t\t\t\t<\/a>\n\t\t\t\t\t\t\t\t<\/div>\n\t\t\t\t<div class=\"elementor-element elementor-element-663e5fb elementor-widget elementor-widget-button\" data-id=\"663e5fb\" data-element_type=\"widget\" data-e-type=\"widget\" data-widget_type=\"button.default\">\n\t\t\t\t\t\t\t\t\t\t<a class=\"elementor-button elementor-button-link elementor-size-sm\" href=\"https:\/\/calendly.com\/trianaexport-info?utm_source=ig&#038;utm_medium=social&#038;utm_content=link_in_bio&#038;fbclid=PAZXh0bgNhZW0CMTEAc3J0YwZhcHBfaWQMMjU2MjgxMDQwNTU4AAGn0tVxwFsz3KXaw1__QcOS1GCgKGuoSEjqf-A8gkN--j7IaStW0jee4HpbuZg_aem_L2N8ZD7m1zqWLiwq7hzyYQ\" target=\"_blank\" rel=\"noopener\">\n\t\t\t\t\t\t<span class=\"elementor-button-content-wrapper\">\n\t\t\t\t\t\t\t\t\t<span class=\"elementor-button-text\">Book 15 minutes<\/span>\n\t\t\t\t\t<\/span>\n\t\t\t\t\t<\/a>\n\t\t\t\t\t\t\t\t<\/div>\n\t\t\t\t\t<\/div>\n\t\t\t\t<\/div>\n\t\t\t\t<\/div>","protected":false},"excerpt":{"rendered":"<p>Qui\u00e9nes somos: consultor\u00eda de exportaci\u00f3n internacional desde Miami Sobre Triana Export Somos una consultor\u00eda de exportaci\u00f3n internacional desde Miami, especializada en ayudar a marcas espa\u00f1olas a acceder y crecer en mercados de Asia y las Am\u00e9ricas. Combinamos an\u00e1lisis de mercado, red de contactos de distribuidores y experiencia en log\u00edstica y cumplimiento para convertir oportunidades en [&hellip;]<\/p>\n","protected":false},"author":1,"featured_media":0,"parent":0,"menu_order":0,"comment_status":"closed","ping_status":"closed","template":"","meta":{"footnotes":""},"class_list":["post-534","page","type-page","status-publish","hentry"],"_links":{"self":[{"href":"https:\/\/trianaexport.com\/en\/wp-json\/wp\/v2\/pages\/534","targetHints":{"allow":["GET"]}}],"collection":[{"href":"https:\/\/trianaexport.com\/en\/wp-json\/wp\/v2\/pages"}],"about":[{"href":"https:\/\/trianaexport.com\/en\/wp-json\/wp\/v2\/types\/page"}],"author":[{"embeddable":true,"href":"https:\/\/trianaexport.com\/en\/wp-json\/wp\/v2\/users\/1"}],"replies":[{"embeddable":true,"href":"https:\/\/trianaexport.com\/en\/wp-json\/wp\/v2\/comments?post=534"}],"version-history":[{"count":87,"href":"https:\/\/trianaexport.com\/en\/wp-json\/wp\/v2\/pages\/534\/revisions"}],"predecessor-version":[{"id":2465,"href":"https:\/\/trianaexport.com\/en\/wp-json\/wp\/v2\/pages\/534\/revisions\/2465"}],"wp:attachment":[{"href":"https:\/\/trianaexport.com\/en\/wp-json\/wp\/v2\/media?parent=534"}],"curies":[{"name":"wp","href":"https:\/\/api.w.org\/{rel}","templated":true}]}}