{"id":2554,"date":"2026-01-27T20:43:13","date_gmt":"2026-01-27T19:43:13","guid":{"rendered":"https:\/\/trianaexport.com\/?page_id=2554"},"modified":"2026-01-27T20:53:22","modified_gmt":"2026-01-27T19:53:22","slug":"blog","status":"publish","type":"page","link":"https:\/\/trianaexport.com\/en\/blog\/","title":{"rendered":"Blog"},"content":{"rendered":"<div data-elementor-type=\"wp-page\" data-elementor-id=\"2554\" class=\"elementor elementor-2554\">\n\t\t\t\t<div class=\"elementor-element elementor-element-6bcbcf5 e-flex e-con-boxed e-con e-parent\" data-id=\"6bcbcf5\" data-element_type=\"container\" data-e-type=\"container\">\n\t\t\t\t\t<div class=\"e-con-inner\">\n\t\t<div class=\"elementor-element elementor-element-d712e67 e-con-full e-flex e-con e-child\" data-id=\"d712e67\" data-element_type=\"container\" data-e-type=\"container\">\n\t\t\t\t<div class=\"elementor-element elementor-element-604bfae elementor-widget elementor-widget-heading\" data-id=\"604bfae\" data-element_type=\"widget\" data-e-type=\"widget\" data-widget_type=\"heading.default\">\n\t\t\t\t\t<h1 class=\"elementor-heading-title elementor-size-default\">Nuestro blog<\/h1>\t\t\t\t<\/div>\n\t\t\t\t<\/div>\n\t\t<div class=\"elementor-element elementor-element-ca950c1 e-con-full e-flex e-con e-child\" data-id=\"ca950c1\" data-element_type=\"container\" data-e-type=\"container\">\n\t\t\t\t<div class=\"elementor-element elementor-element-586b058 elementor-widget elementor-widget-hfe-basic-posts\" data-id=\"586b058\" data-element_type=\"widget\" data-e-type=\"widget\" data-widget_type=\"hfe-basic-posts.default\">\n\t\t\t\t<div class=\"elementor-widget-container\">\n\t\t\t\t\t\n<div class=\"hfe-posts-grid\">\n\t\t\t<article class=\"hfe-post-card\">\n\t\t\t\t\t\t\t<div class=\"hfe-post-image\">\n\t\t\t\t\t<a href=\"https:\/\/trianaexport.com\/en\/el-acuerdo-ue-mercosur-una-oportunidad-estrategica-para-las-exportaciones-espanolas\/\" rel=\"bookmark\">\n\t\t\t\t\t\t<img loading=\"lazy\" decoding=\"async\" width=\"236\" height=\"300\" src=\"https:\/\/trianaexport.com\/wp-content\/uploads\/2026\/01\/mercosur-unioneuropea-236x300.jpg\" class=\"attachment-medium size-medium wp-post-image\" alt=\"El Acuerdo UE\u2013Mercosur: Una Oportunidad Estrat\u00e9gica Para Las Exportaciones Espa\u00f1olas\" srcset=\"https:\/\/trianaexport.com\/wp-content\/uploads\/2026\/01\/mercosur-unioneuropea-236x300.jpg 236w, https:\/\/trianaexport.com\/wp-content\/uploads\/2026\/01\/mercosur-unioneuropea-805x1024.jpg 805w, https:\/\/trianaexport.com\/wp-content\/uploads\/2026\/01\/mercosur-unioneuropea-768x977.jpg 768w, https:\/\/trianaexport.com\/wp-content\/uploads\/2026\/01\/mercosur-unioneuropea-9x12.jpg 9w, https:\/\/trianaexport.com\/wp-content\/uploads\/2026\/01\/mercosur-unioneuropea.jpg 900w\" sizes=\"auto, (max-width: 236px) 100vw, 236px\" \/>\t\t\t\t\t<\/a>\n\t\t\t\t<\/div>\n\t\t\t\n\t\t\t<div class=\"hfe-post-content\">\n\t\t\t\t\t\t\t\t\t<h3 class=\"hfe-post-title\">\n\t\t\t\t\t\t<a href=\"https:\/\/trianaexport.com\/en\/el-acuerdo-ue-mercosur-una-oportunidad-estrategica-para-las-exportaciones-espanolas\/\" rel=\"bookmark\">\n\t\t\t\t\t\t\tEl Acuerdo UE\u2013Mercosur: Una Oportunidad Estrat\u00e9gica Para Las Exportaciones Espa\u00f1olas\t\t\t\t\t\t<\/a>\n\t\t\t\t\t<\/h3>\n\t\t\t\t\n\t\t\t\t\n\t\t\t\t\t\t\t\t\t<div class=\"hfe-post-excerpt\">\n\t\t\t\t\t\tEl Acuerdo UE\u2013Mercosur: Una Oportunidad Estrat\u00e9gica Para Las Exportaciones Espa\u00f1olas El acuerdo Uni\u00f3n Europea\u2013MERCOSUR abre una nueva etapa para la...\t\t\t\t\t<\/div>\n\t\t\t\t\n\t\t\t\t\t\t\t\t\t<a href=\"https:\/\/trianaexport.com\/en\/el-acuerdo-ue-mercosur-una-oportunidad-estrategica-para-las-exportaciones-espanolas\/\" class=\"hfe-read-more\" rel=\"bookmark\">\n\t\t\t\t\t\tLeer m\u00e1s \u2192\t\t\t\t\t<\/a>\n\t\t\t\t\t\t\t<\/div>\n\t\t<\/article>\n\t\t<\/div>\n\t\t\t\t<\/div>\n\t\t\t\t<\/div>\n\t\t\t\t<\/div>\n\t\t\t\t\t<\/div>\n\t\t\t\t<\/div>\n\t\t\t\t<\/div>","protected":false},"excerpt":{"rendered":"<p>Nuestro blog El Acuerdo UE\u2013Mercosur: Una Oportunidad Estrat\u00e9gica Para Las Exportaciones Espa\u00f1olas El Acuerdo UE\u2013Mercosur: Una Oportunidad Estrat\u00e9gica Para Las Exportaciones Espa\u00f1olas El acuerdo Uni\u00f3n Europea\u2013MERCOSUR abre una nueva etapa para la&#8230; Leer m\u00e1s \u2192<\/p>","protected":false},"author":1,"featured_media":0,"parent":0,"menu_order":0,"comment_status":"closed","ping_status":"closed","template":"","meta":{"footnotes":""},"class_list":["post-2554","page","type-page","status-publish","hentry"],"_links":{"self":[{"href":"https:\/\/trianaexport.com\/en\/wp-json\/wp\/v2\/pages\/2554","targetHints":{"allow":["GET"]}}],"collection":[{"href":"https:\/\/trianaexport.com\/en\/wp-json\/wp\/v2\/pages"}],"about":[{"href":"https:\/\/trianaexport.com\/en\/wp-json\/wp\/v2\/types\/page"}],"author":[{"embeddable":true,"href":"https:\/\/trianaexport.com\/en\/wp-json\/wp\/v2\/users\/1"}],"replies":[{"embeddable":true,"href":"https:\/\/trianaexport.com\/en\/wp-json\/wp\/v2\/comments?post=2554"}],"version-history":[{"count":7,"href":"https:\/\/trianaexport.com\/en\/wp-json\/wp\/v2\/pages\/2554\/revisions"}],"predecessor-version":[{"id":2577,"href":"https:\/\/trianaexport.com\/en\/wp-json\/wp\/v2\/pages\/2554\/revisions\/2577"}],"wp:attachment":[{"href":"https:\/\/trianaexport.com\/en\/wp-json\/wp\/v2\/media?parent=2554"}],"curies":[{"name":"wp","href":"https:\/\/api.w.org\/{rel}","templated":true}]}}