{"id":1320,"date":"2025-12-18T13:44:22","date_gmt":"2025-12-18T12:44:22","guid":{"rendered":"http:\/\/trianaexport.com\/?page_id=1320"},"modified":"2025-12-18T13:45:41","modified_gmt":"2025-12-18T12:45:41","slug":"politica-de-cookies","status":"publish","type":"page","link":"https:\/\/trianaexport.com\/en\/politica-de-cookies\/","title":{"rendered":"Cookie Policy"},"content":{"rendered":"<div data-elementor-type=\"wp-page\" data-elementor-id=\"1320\" class=\"elementor elementor-1320\">\n\t\t\t\t<div class=\"elementor-element elementor-element-0eb7017 e-flex e-con-boxed e-con e-parent\" data-id=\"0eb7017\" data-element_type=\"container\" data-e-type=\"container\">\n\t\t\t\t\t<div class=\"e-con-inner\">\n\t\t\t\t<div class=\"elementor-element elementor-element-b67b652 elementor-widget elementor-widget-text-editor\" data-id=\"b67b652\" data-element_type=\"widget\" data-e-type=\"widget\" data-widget_type=\"text-editor.default\">\n\t\t\t\t\t\t\t\t\t<p data-start=\"12493\" data-end=\"12521\"><strong data-start=\"12493\" data-end=\"12521\">1. \u00bfQu\u00e9 son las cookies?<\/strong><\/p>\n<p data-start=\"12523\" data-end=\"12939\">Las cookies son peque\u00f1os archivos que se descargan en el dispositivo del Usuario (ordenador, smartphone, tablet, etc.) al acceder a determinadas p\u00e1ginas web. Permiten, entre otras cosas, almacenar y recuperar informaci\u00f3n sobre los h\u00e1bitos de navegaci\u00f3n del Usuario o de su equipo y, dependiendo de la informaci\u00f3n que contengan y de la forma en que utilice su dispositivo, pueden utilizarse para reconocer al Usuario.<\/p>\n<hr data-start=\"12941\" data-end=\"12944\">\n<p data-start=\"12946\" data-end=\"12980\"><strong data-start=\"12946\" data-end=\"12980\">2. Tipos de cookies utilizadas<\/strong><\/p>\n<p data-start=\"12982\" data-end=\"13038\">En funci\u00f3n de su finalidad, el Sitio Web puede utilizar:<\/p>\n<ul data-start=\"13040\" data-end=\"13821\">\n<li data-start=\"13040\" data-end=\"13260\">\n<p data-start=\"13042\" data-end=\"13260\"><strong data-start=\"13042\" data-end=\"13076\">Cookies t\u00e9cnicas o necesarias:<\/strong> permiten la navegaci\u00f3n b\u00e1sica y el uso de las funciones esenciales del Sitio Web (por ejemplo, facilitar el inicio de sesi\u00f3n, recordar el idioma o permitir el env\u00edo de formularios).<\/p>\n<\/li>\n<li data-start=\"13261\" data-end=\"13452\">\n<p data-start=\"13263\" data-end=\"13452\"><strong data-start=\"13263\" data-end=\"13309\">Cookies de preferencias o personalizaci\u00f3n:<\/strong> permiten recordar informaci\u00f3n para que el Usuario acceda al servicio con determinadas caracter\u00edsticas que pueden diferenciar su experiencia.<\/p>\n<\/li>\n<li data-start=\"13453\" data-end=\"13658\">\n<p data-start=\"13455\" data-end=\"13658\"><strong data-start=\"13455\" data-end=\"13490\">Cookies de an\u00e1lisis o medici\u00f3n:<\/strong> permiten el seguimiento y an\u00e1lisis del comportamiento de los Usuarios en el Sitio Web (p\u00e1ginas visitadas, tiempo de estancia, etc.) con el fin de introducir mejoras.<\/p>\n<\/li>\n<li data-start=\"13659\" data-end=\"13821\">\n<p data-start=\"13661\" data-end=\"13821\"><strong data-start=\"13661\" data-end=\"13725\">Cookies de publicidad comportamental (si las llegas a usar):<\/strong> almacenan informaci\u00f3n del comportamiento de los Usuarios para mostrar publicidad personalizada.<\/p>\n<\/li>\n<\/ul>\n<p data-start=\"13823\" data-end=\"13865\">En funci\u00f3n de la entidad que las gestione:<\/p>\n<ul data-start=\"13867\" data-end=\"14237\">\n<li data-start=\"13867\" data-end=\"13991\">\n<p data-start=\"13869\" data-end=\"13991\"><strong data-start=\"13869\" data-end=\"13889\">Cookies propias:<\/strong> son las enviadas al dispositivo del Usuario desde un equipo o dominio gestionado por Triana EXPORT.<\/p>\n<\/li>\n<li data-start=\"13992\" data-end=\"14237\">\n<p data-start=\"13994\" data-end=\"14237\"><strong data-start=\"13994\" data-end=\"14018\">Cookies de terceros:<\/strong> son las enviadas al dispositivo del Usuario desde un equipo o dominio que no es gestionado por Triana EXPORT, sino por otra entidad que trata los datos obtenidos a trav\u00e9s de las cookies (por ejemplo, Google Analytics).<\/p>\n<\/li>\n<\/ul>\n<p data-start=\"14239\" data-end=\"14284\">En funci\u00f3n del tiempo que permanecen activas:<\/p>\n<ul data-start=\"14286\" data-end=\"14542\">\n<li data-start=\"14286\" data-end=\"14379\">\n<p data-start=\"14288\" data-end=\"14379\"><strong data-start=\"14288\" data-end=\"14310\">Cookies de sesi\u00f3n:<\/strong> recaban y almacenan datos mientras el Usuario accede al Sitio Web.<\/p>\n<\/li>\n<li data-start=\"14380\" data-end=\"14542\">\n<p data-start=\"14382\" data-end=\"14542\"><strong data-start=\"14382\" data-end=\"14407\">Cookies persistentes:<\/strong> los datos permanecen almacenados en el dispositivo y pueden ser accedidos durante un periodo definido por el responsable de la cookie.<\/p>\n<\/li>\n<\/ul>\n<hr data-start=\"14544\" data-end=\"14547\">\n<p data-start=\"14549\" data-end=\"14600\"><strong data-start=\"14549\" data-end=\"14600\">3. Cookies concretas que utiliza este Sitio Web<\/strong><\/p>\n<table class=\"w-fit min-w-(--thread-content-width)\" data-start=\"14767\" data-end=\"15565\" style=\"background-color: rgb(255, 255, 255);\">\n<thead data-start=\"14767\" data-end=\"14900\">\n<tr data-start=\"14767\" data-end=\"14900\">\n<th data-start=\"14767\" data-end=\"14786\" data-col-size=\"sm\">Cookie<\/th>\n<th data-start=\"14786\" data-end=\"14800\" data-col-size=\"sm\">Tipo<\/th>\n<th data-start=\"14800\" data-end=\"14819\" data-col-size=\"sm\">Titular<\/th>\n<th data-start=\"14819\" data-end=\"14837\" data-col-size=\"sm\">Duraci\u00f3n<\/th>\n<th data-start=\"14837\" data-end=\"14900\" data-col-size=\"md\">Finalidad<\/th>\n<\/tr>\n<\/thead>\n<tbody data-start=\"15034\" data-end=\"15565\">\n<tr data-start=\"15034\" data-end=\"15166\">\n<td data-start=\"15034\" data-end=\"15053\" data-col-size=\"sm\">cookie_consent<\/td>\n<td data-start=\"15053\" data-end=\"15067\" data-col-size=\"sm\">T\u00e9cnica<\/td>\n<td data-start=\"15067\" data-end=\"15086\" data-col-size=\"sm\">Propia<\/td>\n<td data-start=\"15086\" data-end=\"15104\" data-col-size=\"sm\">1 a\u00f1o<\/td>\n<td data-start=\"15104\" data-end=\"15166\" data-col-size=\"md\">Recordar la preferencia de aceptaci\u00f3n de cookies.<\/td>\n<\/tr>\n<tr data-start=\"15167\" data-end=\"15299\">\n<td data-start=\"15167\" data-end=\"15186\" data-col-size=\"sm\">_ga<\/td>\n<td data-start=\"15186\" data-end=\"15200\" data-col-size=\"sm\">An\u00e1lisis<\/td>\n<td data-start=\"15200\" data-end=\"15219\" data-col-size=\"sm\">Google Analytics<\/td>\n<td data-start=\"15219\" data-end=\"15237\" data-col-size=\"sm\">2 a\u00f1os<\/td>\n<td data-start=\"15237\" data-end=\"15299\" data-col-size=\"md\">Distinguir a los usuarios en el an\u00e1lisis de visitas.<\/td>\n<\/tr>\n<tr data-start=\"15300\" data-end=\"15432\">\n<td data-start=\"15300\" data-end=\"15319\" data-col-size=\"sm\">_gid<\/td>\n<td data-start=\"15319\" data-end=\"15333\" data-col-size=\"sm\">An\u00e1lisis<\/td>\n<td data-start=\"15333\" data-end=\"15352\" data-col-size=\"sm\">Google Analytics<\/td>\n<td data-start=\"15352\" data-end=\"15370\" data-col-size=\"sm\">24 horas<\/td>\n<td data-start=\"15370\" data-end=\"15432\" data-col-size=\"md\">Distinguir a los usuarios en el an\u00e1lisis de visitas.<\/td>\n<\/tr>\n<tr data-start=\"15433\" data-end=\"15565\">\n<td data-start=\"15433\" data-end=\"15452\" data-col-size=\"sm\">_gat<\/td>\n<td data-start=\"15452\" data-end=\"15466\" data-col-size=\"sm\">An\u00e1lisis<\/td>\n<td data-start=\"15466\" data-end=\"15485\" data-col-size=\"sm\">Google Analytics<\/td>\n<td data-start=\"15485\" data-end=\"15503\" data-col-size=\"sm\">1 minuto<\/td>\n<td data-start=\"15503\" data-end=\"15565\" data-col-size=\"md\">Limitar el porcentaje de solicitudes.<\/td>\n<\/tr>\n<\/tbody>\n<\/table>\n<p data-start=\"15567\" data-end=\"15669\"><\/p>\n<p data-start=\"15676\" data-end=\"15717\"><strong data-start=\"15676\" data-end=\"15717\">4. Gesti\u00f3n y configuraci\u00f3n de cookies<\/strong><\/p>\n<p data-start=\"15719\" data-end=\"15895\">Al acceder por primera vez al Sitio Web, el Usuario ver\u00e1 un banner o aviso de cookies donde se le informar\u00e1 de la forma en que puede aceptar, configurar o rechazar las cookies.<\/p>\n<p data-start=\"15897\" data-end=\"16001\">El Usuario puede configurar o revocar su consentimiento al uso de cookies en cualquier momento mediante:<\/p>\n<ol data-start=\"16003\" data-end=\"16226\">\n<li data-start=\"16003\" data-end=\"16106\">\n<p data-start=\"16006\" data-end=\"16106\"><strong data-start=\"16006\" data-end=\"16046\">El panel de configuraci\u00f3n de cookies<\/strong> del propio Sitio Web (si tu plugin de cookies lo ofrece).<\/p>\n<\/li>\n<li data-start=\"16107\" data-end=\"16226\">\n<p data-start=\"16110\" data-end=\"16226\"><strong data-start=\"16110\" data-end=\"16146\">La configuraci\u00f3n de su navegador<\/strong>, donde puede permitir, bloquear o eliminar las cookies instaladas en su equipo:<\/p>\n<\/li>\n<\/ol>\n<ul data-start=\"16228\" data-end=\"16270\">\n<li data-start=\"16228\" data-end=\"16238\">\n<p data-start=\"16230\" data-end=\"16238\">Chrome<\/p>\n<\/li>\n<li data-start=\"16239\" data-end=\"16250\">\n<p data-start=\"16241\" data-end=\"16250\">Firefox<\/p>\n<\/li>\n<li data-start=\"16251\" data-end=\"16259\">\n<p data-start=\"16253\" data-end=\"16259\">Edge<\/p>\n<\/li>\n<li data-start=\"16260\" data-end=\"16270\">\n<p data-start=\"16262\" data-end=\"16270\">Safari<\/p>\n<\/li>\n<\/ul>\n<p data-start=\"16272\" data-end=\"16344\"><\/p>\n<p data-start=\"16351\" data-end=\"16377\"><strong data-start=\"16351\" data-end=\"16377\">5. Cookies de terceros<\/strong><\/p>\n<p data-start=\"16379\" data-end=\"16490\">Este Sitio Web puede utilizar servicios de terceros que instalen cookies en el equipo del Usuario, por ejemplo:<\/p>\n<ul data-start=\"16492\" data-end=\"16698\">\n<li data-start=\"16492\" data-end=\"16618\">\n<p data-start=\"16494\" data-end=\"16618\">Herramientas de anal\u00edtica web (como Google Analytics) para ayudar a analizar el uso del Sitio Web y mejorar sus funciones.<\/p>\n<\/li>\n<li data-start=\"16619\" data-end=\"16698\">\n<p data-start=\"16621\" data-end=\"16698\">Plugins de redes sociales que permiten compartir contenidos (LinkedIn, etc.).<\/p>\n<\/li>\n<\/ul>\n<p data-start=\"16700\" data-end=\"16910\">Estos terceros son responsables de las cookies que instalan y de los tratamientos que realizan. Se recomienda al Usuario consultar sus respectivas pol\u00edticas de cookies y privacidad para obtener m\u00e1s informaci\u00f3n.<\/p>\n<hr data-start=\"16912\" data-end=\"16915\">\n<p data-start=\"16917\" data-end=\"16970\"><strong data-start=\"16917\" data-end=\"16970\">6. Aceptaci\u00f3n y cambios en la Pol\u00edtica de cookies<\/strong><\/p>\n<p data-start=\"16972\" data-end=\"17194\">Al continuar navegando por el Sitio Web despu\u00e9s de haber sido informado sobre la utilizaci\u00f3n de cookies, el Usuario acepta la instalaci\u00f3n y uso de las mismas en las condiciones recogidas en la presente Pol\u00edtica de cookies.<\/p>\n<p data-start=\"17196\" data-end=\"17458\">Triana EXPORT podr\u00e1 actualizar esta Pol\u00edtica de cookies para adaptarla a cambios legislativos, t\u00e9cnicos o a la configuraci\u00f3n de los servicios ofrecidos en el Sitio Web. En caso de cambios significativos, se informar\u00e1 al Usuario mediante un aviso en el Sitio Web.<\/p>\t\t\t\t\t\t\t\t<\/div>\n\t\t\t\t\t<\/div>\n\t\t\t\t<\/div>\n\t\t\t\t<\/div>","protected":false},"excerpt":{"rendered":"<p>1. \u00bfQu\u00e9 son las cookies? Las cookies son peque\u00f1os archivos que se descargan en el dispositivo del Usuario (ordenador, smartphone, tablet, etc.) al acceder a determinadas p\u00e1ginas web. Permiten, entre otras cosas, almacenar y recuperar informaci\u00f3n sobre los h\u00e1bitos de navegaci\u00f3n del Usuario o de su equipo y, dependiendo de la informaci\u00f3n que contengan y [&hellip;]<\/p>\n","protected":false},"author":1,"featured_media":0,"parent":0,"menu_order":0,"comment_status":"closed","ping_status":"closed","template":"","meta":{"footnotes":""},"class_list":["post-1320","page","type-page","status-publish","hentry"],"_links":{"self":[{"href":"https:\/\/trianaexport.com\/en\/wp-json\/wp\/v2\/pages\/1320","targetHints":{"allow":["GET"]}}],"collection":[{"href":"https:\/\/trianaexport.com\/en\/wp-json\/wp\/v2\/pages"}],"about":[{"href":"https:\/\/trianaexport.com\/en\/wp-json\/wp\/v2\/types\/page"}],"author":[{"embeddable":true,"href":"https:\/\/trianaexport.com\/en\/wp-json\/wp\/v2\/users\/1"}],"replies":[{"embeddable":true,"href":"https:\/\/trianaexport.com\/en\/wp-json\/wp\/v2\/comments?post=1320"}],"version-history":[{"count":4,"href":"https:\/\/trianaexport.com\/en\/wp-json\/wp\/v2\/pages\/1320\/revisions"}],"predecessor-version":[{"id":1324,"href":"https:\/\/trianaexport.com\/en\/wp-json\/wp\/v2\/pages\/1320\/revisions\/1324"}],"wp:attachment":[{"href":"https:\/\/trianaexport.com\/en\/wp-json\/wp\/v2\/media?parent=1320"}],"curies":[{"name":"wp","href":"https:\/\/api.w.org\/{rel}","templated":true}]}}